{"id":671,"date":"2020-05-08T08:02:53","date_gmt":"2020-05-08T06:02:53","guid":{"rendered":"http:\/\/intrapas.cyon.link\/legal-notice\/"},"modified":"2024-05-24T16:51:54","modified_gmt":"2024-05-24T14:51:54","slug":"legal-notice","status":"publish","type":"page","link":"https:\/\/www.intrapass.ch\/en\/legal-notice\/","title":{"rendered":"Legal notice"},"content":{"rendered":"<p><div class=\"fusion-fullwidth fullwidth-box fusion-builder-row-1 nonhundred-percent-fullwidth non-hundred-percent-height-scrolling\" style=\"--awb-border-radius-top-left:0px;--awb-border-radius-top-right:0px;--awb-border-radius-bottom-right:0px;--awb-border-radius-bottom-left:0px;--awb-flex-wrap:wrap;\" ><div class=\"fusion-builder-row fusion-row\"><div class=\"fusion-layout-column fusion_builder_column fusion-builder-column-0 fusion_builder_column_1_1 1_1 fusion-one-full fusion-column-first fusion-column-last\" style=\"--awb-padding-top:2%;--awb-bg-size:cover;--awb-border-color:#d1d1d1;--awb-border-top:0;--awb-border-right:0;--awb-border-bottom:0;--awb-border-left:0;--awb-border-style:solid;--awb-margin-bottom:0px;\"><div class=\"fusion-column-wrapper fusion-column-has-shadow fusion-flex-column-wrapper-legacy\"><div class=\"fusion-title title fusion-title-1 fusion-sep-none fusion-title-text fusion-title-size-one\" style=\"--awb-margin-top-small:10px;--awb-margin-right-small:0px;--awb-margin-bottom-small:10px;--awb-margin-left-small:0px;\"><h1 class=\"fusion-title-heading title-heading-left fusion-responsive-typography-calculated\" style=\"margin:0;--fontSize:38;line-height:1.16;\">Legal notice<\/h1><\/div><div class=\"fusion-sep-clear\"><\/div><div class=\"fusion-separator fusion-full-width-sep\" style=\"margin-left: auto;margin-right: auto;margin-bottom:3%;width:100%;\"><\/div><div class=\"fusion-sep-clear\"><\/div><div class=\"fusion-clearfix\"><\/div><\/div><\/div><\/div><\/div><div class=\"fusion-fullwidth fullwidth-box fusion-builder-row-2 nonhundred-percent-fullwidth non-hundred-percent-height-scrolling\" style=\"--awb-border-radius-top-left:0px;--awb-border-radius-top-right:0px;--awb-border-radius-bottom-right:0px;--awb-border-radius-bottom-left:0px;--awb-flex-wrap:wrap;\" ><div class=\"fusion-builder-row fusion-row\"><div class=\"fusion-layout-column fusion_builder_column fusion-builder-column-1 fusion_builder_column_1_2 1_2 fusion-one-half fusion-column-first\" style=\"--awb-bg-size:cover;width:50%;width:calc(50% - ( ( 4% ) * 0.5 ) );margin-right: 4%;\"><div class=\"fusion-column-wrapper fusion-flex-column-wrapper-legacy\"><div class=\"fusion-title title fusion-title-2 fusion-sep-none fusion-title-text fusion-title-size-two\" style=\"--awb-text-color:#212934;--awb-margin-top-small:10px;--awb-margin-right-small:0px;--awb-margin-bottom-small:10px;--awb-margin-left-small:0px;\"><h2 class=\"fusion-title-heading title-heading-left fusion-responsive-typography-calculated\" style=\"margin:0;--fontSize:24;line-height:1.2;\">Inhaber, zust\u00e4ndig f\u00fcr Inhalt<\/h2><\/div><div class=\"fusion-sep-clear\"><\/div><div class=\"fusion-separator fusion-full-width-sep\" style=\"margin-left: auto;margin-right: auto;margin-bottom:1%;width:100%;\"><\/div><div class=\"fusion-sep-clear\"><\/div><div class=\"fusion-text fusion-text-1\"><p><img decoding=\"async\" class=\"lazyload alignnone size-full wp-image-11\" src=\"data:image\/gif;base64,R0lGODlhAQABAAAAACH5BAEKAAEALAAAAAABAAEAAAICTAEAOw==\" data-orig-src=\"\/wp-content\/uploads\/2020\/08\/intrapass.svg\" \/><div class=\"fusion-sep-clear\"><\/div><div class=\"fusion-separator fusion-full-width-sep\" style=\"margin-left: auto;margin-right: auto;margin-bottom:15px;width:100%;\"><\/div><div class=\"fusion-sep-clear\"><\/div>\n<strong>Intrapass GmbH<\/strong><br \/>\nCheck-In 2<br \/>\nPostfach 8058<br \/>\nCH-8060 Z\u00fcrich Flughafen<\/p>\n<p>Tel <a href=\"tel:0041438162818\">+41 (0)41 816 28 18<\/a><br \/>\n<a href=\"mailto:info@intrapass.ch\">info@intrapass.ch<\/a><\/p>\n<\/div><div class=\"fusion-clearfix\"><\/div><\/div><\/div><div class=\"fusion-layout-column fusion_builder_column fusion-builder-column-2 fusion_builder_column_1_2 1_2 fusion-one-half fusion-column-last\" style=\"--awb-bg-size:cover;width:50%;width:calc(50% - ( ( 4% ) * 0.5 ) );\"><div class=\"fusion-column-wrapper fusion-flex-column-wrapper-legacy\"><div class=\"fusion-title title fusion-title-3 fusion-sep-none fusion-title-text fusion-title-size-two\" style=\"--awb-text-color:#212934;--awb-margin-top-small:10px;--awb-margin-right-small:0px;--awb-margin-bottom-small:10px;--awb-margin-left-small:0px;\"><h2 class=\"fusion-title-heading title-heading-left fusion-responsive-typography-calculated\" style=\"margin:0;--fontSize:24;line-height:1.2;\">Webdesign<\/h2><\/div><div class=\"fusion-sep-clear\"><\/div><div class=\"fusion-separator fusion-full-width-sep\" style=\"margin-left: auto;margin-right: auto;margin-bottom:3%;width:100%;\"><\/div><div class=\"fusion-sep-clear\"><\/div><div class=\"fusion-text fusion-text-2\"><p><img decoding=\"async\" class=\"lazyload alignnone\" title=\"modernes Webdesign \u2022 effektives E-Commerce \u2022 stilvolles Videomarketing \u2022 \u00e4sthetische Fotografie \u2022 originelles Design \u2022 frisches Social Media\" src=\"data:image\/svg+xml,%3Csvg%20xmlns%3D%27http%3A%2F%2Fwww.w3.org%2F2000%2Fsvg%27%20width%3D%27204%27%20height%3D%2758%27%20viewBox%3D%270%200%20204%2058%27%3E%3Crect%20width%3D%27204%27%20height%3D%2758%27%20fill-opacity%3D%220%22%2F%3E%3C%2Fsvg%3E\" data-orig-src=\"https:\/\/www.intrapass.ch\/wp-content\/uploads\/2020\/04\/friedli.swiss-kreativagentur.svg\" alt=\"Logo Kreativagentur Friedli\" \/><div class=\"fusion-sep-clear\"><\/div><div class=\"fusion-separator fusion-full-width-sep\" style=\"margin-left: auto;margin-right: auto;margin-bottom:15px;width:100%;\"><\/div><div class=\"fusion-sep-clear\"><\/div>Kreativagentur Friedli<br \/>\n5512 Wohlenschwil<\/p>\n<p>&nbsp;<\/p>\n<p><a style=\"font-family: var(--awb-text-font-family); font-size: var(--awb-font-size); font-style: var(--awb-text-font-style); font-weight: var(--awb-text-font-weight); letter-spacing: var(--awb-letter-spacing); text-align: var(--awb-content-alignment); text-transform: var(--awb-text-transform); background-color: var(--awb-bg-color);\" title=\"modernes Webdesign \u2022 effektives E-Commerce \u2022 stilvolles Videomarketing \u2022 \u00e4sthetische Fotografie \u2022 originelles Design \u2022 frisches Social Media\" href=\"https:\/\/www.friedli.swiss\/\" target=\"_blank\" rel=\"noopener noreferrer\">friedli.swiss<\/a><\/p>\n<\/div><div class=\"fusion-clearfix\"><\/div><\/div><\/div><\/div><\/div><div class=\"fusion-fullwidth fullwidth-box fusion-builder-row-3 nonhundred-percent-fullwidth non-hundred-percent-height-scrolling\" style=\"--awb-border-radius-top-left:0px;--awb-border-radius-top-right:0px;--awb-border-radius-bottom-right:0px;--awb-border-radius-bottom-left:0px;--awb-flex-wrap:wrap;\" ><div class=\"fusion-builder-row fusion-row\"><div class=\"fusion-layout-column fusion_builder_column fusion-builder-column-3 fusion_builder_column_1_1 1_1 fusion-one-full fusion-column-first fusion-column-last\" style=\"--awb-bg-size:cover;\"><div class=\"fusion-column-wrapper fusion-flex-column-wrapper-legacy\"><div class=\"fusion-title title fusion-title-4 fusion-sep-none fusion-title-text fusion-title-size-two\" style=\"--awb-text-color:#212934;--awb-margin-top-small:10px;--awb-margin-right-small:0px;--awb-margin-bottom-small:10px;--awb-margin-left-small:0px;\"><h2 class=\"fusion-title-heading title-heading-left fusion-responsive-typography-calculated\" style=\"margin:0;--fontSize:24;line-height:1.2;\">Disclaimer<\/h2><\/div><div class=\"fusion-text fusion-text-3\"><p>Alle Texte und Links wurden sorgf\u00e4ltig gepr\u00fcft und werden laufend aktualisiert. Intrapass GmbH ist bem\u00fcht, richtige und vollst\u00e4ndige Informationen auf dieser Website bereitzustellen, sie \u00fcbernimmt aber keinerlei Verantwortung, Garantien oder Haftung daf\u00fcr, dass die durch diese Website bereitgestellten Informationen, einschliesslich jeglicher Datenbankeintr\u00e4ge, richtig, vollst\u00e4ndig oder aktuell sind. Intrapass GmbH beh\u00e4lt sich das Recht vor, jederzeit und ohne Vorank\u00fcndigung die Informationen auf dieser Website zu \u00e4ndern und verpflichtet sich auch nicht, die enthaltenen Informationen zu aktualisieren. Alle Links zu externen Websites wurden zum Zeitpunkt ihrer Aufnahme auf ihre Richtigkeit \u00fcberpr\u00fcft. Dennoch haftet Intrapass GmbH nicht f\u00fcr Inhalte und Verf\u00fcgbarkeit von Websites, die mittels Hyperlinks zu erreichen sind. F\u00fcr illegale, fehlerhafte oder unvollst\u00e4ndige Inhalte und insbesondere f\u00fcr Sch\u00e4den, die durch die ungepr\u00fcfte Nutzung von Inhalten verkn\u00fcpfter Seiten entstehen, haftet allein der Anbieter der Website, auf welche verwiesen wurde. Dabei ist es gleichg\u00fcltig, ob der Schaden direkter, indirekter oder finanzieller Natur ist oder ein sonstiger Schaden vorliegt, der sich aus Datenverlust, Nutzungsausfall oder anderen Gr\u00fcnden aller Art ergeben k\u00f6nnte.<\/p>\n<\/div><div class=\"fusion-sep-clear\"><\/div><div class=\"fusion-separator fusion-full-width-sep\" style=\"margin-left: auto;margin-right: auto;margin-bottom:7%;width:100%;\"><\/div><div class=\"fusion-sep-clear\"><\/div><div class=\"fusion-clearfix\"><\/div><\/div><\/div><\/div><\/div><\/p>\n","protected":false},"excerpt":{"rendered":"","protected":false},"author":1,"featured_media":0,"parent":0,"menu_order":0,"comment_status":"closed","ping_status":"closed","template":"100-width.php","meta":{"footnotes":""},"class_list":["post-671","page","type-page","status-publish","hentry"],"yoast_head":"<!-- This site is optimized with the Yoast SEO plugin v27.5 - https:\/\/yoast.com\/product\/yoast-seo-wordpress\/ -->\n<title>Legal notice - Intrapass<\/title>\n<meta name=\"description\" content=\"Legal notice Intrapass AG\" \/>\n<meta name=\"robots\" content=\"noindex, nofollow\" \/>\n<meta property=\"og:locale\" content=\"en_US\" \/>\n<meta property=\"og:type\" content=\"article\" \/>\n<meta property=\"og:title\" content=\"Legal notice - Intrapass\" \/>\n<meta property=\"og:description\" content=\"Legal notice Intrapass AG\" \/>\n<meta property=\"og:url\" content=\"https:\/\/www.intrapass.ch\/en\/legal-notice\/\" \/>\n<meta property=\"og:site_name\" content=\"Intrapass\" \/>\n<meta property=\"article:modified_time\" content=\"2024-05-24T14:51:54+00:00\" \/>\n<meta property=\"og:image\" content=\"https:\/\/www.intrapass.ch\/wp-content\/uploads\/2020\/04\/friedli.swiss-kreativagentur.svg\" \/>\n<meta name=\"twitter:card\" content=\"summary_large_image\" \/>\n<meta name=\"twitter:label1\" content=\"Est. reading time\" \/>\n\t<meta name=\"twitter:data1\" content=\"6 minutes\" \/>\n<script type=\"application\/ld+json\" class=\"yoast-schema-graph\">{\"@context\":\"https:\\\/\\\/schema.org\",\"@graph\":[{\"@type\":\"WebPage\",\"@id\":\"https:\\\/\\\/www.intrapass.ch\\\/en\\\/legal-notice\\\/\",\"url\":\"https:\\\/\\\/www.intrapass.ch\\\/en\\\/legal-notice\\\/\",\"name\":\"Legal notice - Intrapass\",\"isPartOf\":{\"@id\":\"https:\\\/\\\/www.intrapass.ch\\\/en\\\/#website\"},\"primaryImageOfPage\":{\"@id\":\"https:\\\/\\\/www.intrapass.ch\\\/en\\\/legal-notice\\\/#primaryimage\"},\"image\":{\"@id\":\"https:\\\/\\\/www.intrapass.ch\\\/en\\\/legal-notice\\\/#primaryimage\"},\"thumbnailUrl\":\"https:\\\/\\\/www.intrapass.ch\\\/wp-content\\\/uploads\\\/2020\\\/04\\\/friedli.swiss-kreativagentur.svg\",\"datePublished\":\"2020-05-08T06:02:53+00:00\",\"dateModified\":\"2024-05-24T14:51:54+00:00\",\"description\":\"Legal notice Intrapass AG\",\"breadcrumb\":{\"@id\":\"https:\\\/\\\/www.intrapass.ch\\\/en\\\/legal-notice\\\/#breadcrumb\"},\"inLanguage\":\"en-US\",\"potentialAction\":[{\"@type\":\"ReadAction\",\"target\":[\"https:\\\/\\\/www.intrapass.ch\\\/en\\\/legal-notice\\\/\"]}]},{\"@type\":\"ImageObject\",\"inLanguage\":\"en-US\",\"@id\":\"https:\\\/\\\/www.intrapass.ch\\\/en\\\/legal-notice\\\/#primaryimage\",\"url\":\"https:\\\/\\\/www.intrapass.ch\\\/wp-content\\\/uploads\\\/2020\\\/04\\\/friedli.swiss-kreativagentur.svg\",\"contentUrl\":\"https:\\\/\\\/www.intrapass.ch\\\/wp-content\\\/uploads\\\/2020\\\/04\\\/friedli.swiss-kreativagentur.svg\"},{\"@type\":\"BreadcrumbList\",\"@id\":\"https:\\\/\\\/www.intrapass.ch\\\/en\\\/legal-notice\\\/#breadcrumb\",\"itemListElement\":[{\"@type\":\"ListItem\",\"position\":1,\"name\":\"Startseite\",\"item\":\"https:\\\/\\\/www.intrapass.ch\\\/en\\\/\"},{\"@type\":\"ListItem\",\"position\":2,\"name\":\"Legal notice\"}]},{\"@type\":\"WebSite\",\"@id\":\"https:\\\/\\\/www.intrapass.ch\\\/en\\\/#website\",\"url\":\"https:\\\/\\\/www.intrapass.ch\\\/en\\\/\",\"name\":\"Intrapass\",\"description\":\"\",\"potentialAction\":[{\"@type\":\"SearchAction\",\"target\":{\"@type\":\"EntryPoint\",\"urlTemplate\":\"https:\\\/\\\/www.intrapass.ch\\\/en\\\/?s={search_term_string}\"},\"query-input\":{\"@type\":\"PropertyValueSpecification\",\"valueRequired\":true,\"valueName\":\"search_term_string\"}}],\"inLanguage\":\"en-US\"}]}<\/script>\n<!-- \/ Yoast SEO plugin. -->","yoast_head_json":{"title":"Legal notice - Intrapass","description":"Legal notice Intrapass AG","robots":{"index":"noindex","follow":"nofollow"},"og_locale":"en_US","og_type":"article","og_title":"Legal notice - Intrapass","og_description":"Legal notice Intrapass AG","og_url":"https:\/\/www.intrapass.ch\/en\/legal-notice\/","og_site_name":"Intrapass","article_modified_time":"2024-05-24T14:51:54+00:00","og_image":[{"url":"https:\/\/www.intrapass.ch\/wp-content\/uploads\/2020\/04\/friedli.swiss-kreativagentur.svg","type":"","width":"","height":""}],"twitter_card":"summary_large_image","twitter_misc":{"Est. reading time":"6 minutes"},"schema":{"@context":"https:\/\/schema.org","@graph":[{"@type":"WebPage","@id":"https:\/\/www.intrapass.ch\/en\/legal-notice\/","url":"https:\/\/www.intrapass.ch\/en\/legal-notice\/","name":"Legal notice - Intrapass","isPartOf":{"@id":"https:\/\/www.intrapass.ch\/en\/#website"},"primaryImageOfPage":{"@id":"https:\/\/www.intrapass.ch\/en\/legal-notice\/#primaryimage"},"image":{"@id":"https:\/\/www.intrapass.ch\/en\/legal-notice\/#primaryimage"},"thumbnailUrl":"https:\/\/www.intrapass.ch\/wp-content\/uploads\/2020\/04\/friedli.swiss-kreativagentur.svg","datePublished":"2020-05-08T06:02:53+00:00","dateModified":"2024-05-24T14:51:54+00:00","description":"Legal notice Intrapass AG","breadcrumb":{"@id":"https:\/\/www.intrapass.ch\/en\/legal-notice\/#breadcrumb"},"inLanguage":"en-US","potentialAction":[{"@type":"ReadAction","target":["https:\/\/www.intrapass.ch\/en\/legal-notice\/"]}]},{"@type":"ImageObject","inLanguage":"en-US","@id":"https:\/\/www.intrapass.ch\/en\/legal-notice\/#primaryimage","url":"https:\/\/www.intrapass.ch\/wp-content\/uploads\/2020\/04\/friedli.swiss-kreativagentur.svg","contentUrl":"https:\/\/www.intrapass.ch\/wp-content\/uploads\/2020\/04\/friedli.swiss-kreativagentur.svg"},{"@type":"BreadcrumbList","@id":"https:\/\/www.intrapass.ch\/en\/legal-notice\/#breadcrumb","itemListElement":[{"@type":"ListItem","position":1,"name":"Startseite","item":"https:\/\/www.intrapass.ch\/en\/"},{"@type":"ListItem","position":2,"name":"Legal notice"}]},{"@type":"WebSite","@id":"https:\/\/www.intrapass.ch\/en\/#website","url":"https:\/\/www.intrapass.ch\/en\/","name":"Intrapass","description":"","potentialAction":[{"@type":"SearchAction","target":{"@type":"EntryPoint","urlTemplate":"https:\/\/www.intrapass.ch\/en\/?s={search_term_string}"},"query-input":{"@type":"PropertyValueSpecification","valueRequired":true,"valueName":"search_term_string"}}],"inLanguage":"en-US"}]}},"_links":{"self":[{"href":"https:\/\/www.intrapass.ch\/en\/wp-json\/wp\/v2\/pages\/671","targetHints":{"allow":["GET"]}}],"collection":[{"href":"https:\/\/www.intrapass.ch\/en\/wp-json\/wp\/v2\/pages"}],"about":[{"href":"https:\/\/www.intrapass.ch\/en\/wp-json\/wp\/v2\/types\/page"}],"author":[{"embeddable":true,"href":"https:\/\/www.intrapass.ch\/en\/wp-json\/wp\/v2\/users\/1"}],"replies":[{"embeddable":true,"href":"https:\/\/www.intrapass.ch\/en\/wp-json\/wp\/v2\/comments?post=671"}],"version-history":[{"count":0,"href":"https:\/\/www.intrapass.ch\/en\/wp-json\/wp\/v2\/pages\/671\/revisions"}],"wp:attachment":[{"href":"https:\/\/www.intrapass.ch\/en\/wp-json\/wp\/v2\/media?parent=671"}],"curies":[{"name":"wp","href":"https:\/\/api.w.org\/{rel}","templated":true}]}}