{"id":668,"date":"2020-05-08T07:50:46","date_gmt":"2020-05-08T05:50:46","guid":{"rendered":"http:\/\/intrapas.cyon.link\/services\/worldwide-excess-baggage-service\/"},"modified":"2023-04-21T17:43:08","modified_gmt":"2023-04-21T15:43:08","slug":"worldwide-excess-baggage-service","status":"publish","type":"page","link":"https:\/\/www.intrapass.ch\/en\/services\/worldwide-excess-baggage-service\/","title":{"rendered":"Worldwide Excess Baggage Service"},"content":{"rendered":"<p><div class=\"fusion-fullwidth fullwidth-box fusion-builder-row-1 nonhundred-percent-fullwidth non-hundred-percent-height-scrolling\" style=\"--awb-border-radius-top-left:0px;--awb-border-radius-top-right:0px;--awb-border-radius-bottom-right:0px;--awb-border-radius-bottom-left:0px;--awb-flex-wrap:wrap;\" ><div class=\"fusion-builder-row fusion-row\"><div class=\"fusion-layout-column fusion_builder_column fusion-builder-column-0 fusion_builder_column_1_1 1_1 fusion-one-full fusion-column-first fusion-column-last\" style=\"--awb-padding-top:2%;--awb-bg-size:cover;--awb-border-color:#d1d1d1;--awb-border-top:0px;--awb-border-right:0px;--awb-border-bottom:0px;--awb-border-left:0px;--awb-border-style:solid;--awb-margin-bottom:0px;\"><div class=\"fusion-column-wrapper fusion-column-has-shadow fusion-flex-column-wrapper-legacy\"><div class=\"fusion-title title fusion-title-1 fusion-sep-none fusion-title-text fusion-title-size-one\" style=\"--awb-margin-top-small:10px;--awb-margin-right-small:0px;--awb-margin-bottom-small:10px;--awb-margin-left-small:0px;\"><h1 class=\"fusion-title-heading title-heading-left fusion-responsive-typography-calculated\" style=\"margin:0;--fontSize:38;line-height:1.16;\">Weltweiter \u00dcbergep\u00e4ck Service<\/h1><\/div><div class=\"fusion-clearfix\"><\/div><\/div><\/div><\/div><\/div><div class=\"fusion-bg-parallax\" data-bg-align=\"center bottom\" data-direction=\"left\" data-mute=\"false\" data-opacity=\"100\" data-velocity=\"-0.3\" data-mobile-enabled=\"false\" data-break_parents=\"0\" data-bg-image=\"https:\/\/www.intrapass.ch\/wp-content\/uploads\/2020\/04\/weltweiter-uebergepaeck-service.jpg\" data-bg-repeat=\"false\" data-bg-color=\"#f7f7f7\" ><\/div><div class=\"fusion-fullwidth fullwidth-box fusion-builder-row-2 fusion-parallax-left nonhundred-percent-fullwidth non-hundred-percent-height-scrolling lazyload\" style=\"--awb-background-position:center bottom;--awb-border-radius-top-left:0px;--awb-border-radius-top-right:0px;--awb-border-radius-bottom-right:0px;--awb-border-radius-bottom-left:0px;--awb-background-color:#f7f7f7;--awb-background-size:cover;--awb-flex-wrap:wrap;\" data-bg=\"https:\/\/www.intrapass.ch\/wp-content\/uploads\/2020\/04\/weltweiter-uebergepaeck-service.jpg\" ><div class=\"fusion-builder-row fusion-row\"><div class=\"fusion-layout-column fusion_builder_column fusion-builder-column-1 fusion_builder_column_1_1 1_1 fusion-one-full fusion-column-first fusion-column-last fusion-column-no-min-height\" style=\"--awb-bg-size:cover;\"><div class=\"fusion-column-wrapper fusion-column-has-shadow fusion-flex-column-wrapper-legacy\"><div class=\"fusion-sep-clear\"><\/div><div class=\"fusion-separator fusion-full-width-sep\" style=\"margin-left: auto;margin-right: auto;margin-bottom:4%;width:100%;\"><\/div><div class=\"fusion-sep-clear\"><\/div><div class=\"fusion-clearfix\"><\/div><\/div><\/div><div class=\"fusion-layout-column fusion_builder_column fusion-builder-column-2 fusion_builder_column_1_2 1_2 fusion-one-half fusion-column-first\" style=\"--awb-padding-top:30px;--awb-padding-right:30px;--awb-padding-bottom:30px;--awb-padding-left:30px;--awb-overflow:hidden;--awb-bg-color:rgba(255,255,255,0.85);--awb-bg-color-hover:rgba(255,255,255,0.85);--awb-bg-size:cover;--awb-box-shadow:2px 2px 25px 4px rgba(135,135,135,0.36);;--awb-border-radius:5px 5px 5px 5px;--awb-margin-bottom:0px;width:50%;width:calc(50% - ( ( 4% ) * 0.5 ) );margin-right: 4%;\"><div class=\"fusion-column-wrapper fusion-column-has-shadow fusion-flex-column-wrapper-legacy\"><div class=\"fusion-text fusion-text-1 service-post\"><p>Bezahlen Sie keine horrenden Preise f\u00fcr die Mitnahme von \u00dcbergep\u00e4ck oder Sportartikeln auf Ihrem Linienflug. Wir bieten Ihnen vorteilhafte Preise beim \u00dcbergep\u00e4ck als Fracht an jeden Ort der Welt, professioneller Verpackungsservice inklusive.<\/p>\n<\/div><div class=\"fusion-sep-clear\"><\/div><div class=\"fusion-separator fusion-full-width-sep\" style=\"margin-left: auto;margin-right: auto;margin-bottom:15px;width:100%;\"><\/div><div class=\"fusion-sep-clear\"><\/div><div class=\"fusion-text fusion-text-2 service-post\"><p>Haben Sie sperrige oder zerbrechliche Ware? Kein Problem, wir von Intrapass k\u00fcmmern uns darum, dass Ihr Hab und Gut heil und sicher am gew\u00fcnschten Ort ankommt.<\/p>\n<\/div><div class=\"fusion-sep-clear\"><\/div><div class=\"fusion-separator fusion-full-width-sep\" style=\"margin-left: auto;margin-right: auto;margin-bottom:15px;width:100%;\"><\/div><div class=\"fusion-sep-clear\"><\/div><div class=\"fusion-text fusion-text-3 service-post\"><p>Sie fliegen gar nicht, wollen aber Ihren fernen Verwandten ein Paket zukommen lassen?<br \/>\nKontaktieren Sie uns, wir verschicken es als unbegleitetes Reisegep\u00e4ck an jeden Ort der Welt.<\/p>\n<\/div><div class=\"fusion-sep-clear\"><\/div><div class=\"fusion-separator fusion-full-width-sep\" style=\"margin-left: auto;margin-right: auto;margin-bottom:15px;width:100%;\"><\/div><div class=\"fusion-sep-clear\"><\/div><div class=\"fusion-text fusion-text-4 service-post\"><p>Wir bieten Transporte zu allen gr\u00f6sseren Flugh\u00e4fen an \u2013 auf Wunsch auch von T\u00fcr zu T\u00fcr m\u00f6glich.<\/p>\n<\/div><div class=\"fusion-sep-clear\"><\/div><div class=\"fusion-separator fusion-full-width-sep\" style=\"margin-left: auto;margin-right: auto;margin-bottom:15px;width:100%;\"><\/div><div class=\"fusion-sep-clear\"><\/div><div class=\"fusion-text fusion-text-5 service-post\"><p style=\"text-align: right;\"><a style=\"font-size: 17px; color: #e31013;\" href=\"https:\/\/www.intrapass.ch\/wp-content\/uploads\/2023\/04\/Preisliste-TNT-Intrapass_21.04.2023.pdf\" target=\"_blank\" rel=\"noopener noreferrer\">Pricelist Homedelivery Service<\/a><\/p>\n<\/div><div class=\"fusion-clearfix\"><\/div><\/div><\/div><div class=\"fusion-layout-column fusion_builder_column fusion-builder-column-3 fusion_builder_column_1_2 1_2 fusion-one-half fusion-column-last fusion-no-small-visibility\" style=\"--awb-bg-size:cover;width:50%;width:calc(50% - ( ( 4% ) * 0.5 ) );\"><div class=\"fusion-column-wrapper fusion-column-has-shadow fusion-flex-column-wrapper-legacy\"><div class=\"fusion-clearfix\"><\/div><\/div><\/div><div class=\"fusion-layout-column fusion_builder_column fusion-builder-column-4 fusion_builder_column_1_1 1_1 fusion-one-full fusion-column-first fusion-column-last fusion-column-no-min-height\" style=\"--awb-bg-size:cover;\"><div class=\"fusion-column-wrapper fusion-column-has-shadow fusion-flex-column-wrapper-legacy\"><div class=\"fusion-sep-clear\"><\/div><div class=\"fusion-separator fusion-full-width-sep\" style=\"margin-left: auto;margin-right: auto;margin-bottom:7%;width:100%;\"><\/div><div class=\"fusion-sep-clear\"><\/div><div class=\"fusion-clearfix\"><\/div><\/div><\/div><\/div><\/div><\/p>\n","protected":false},"excerpt":{"rendered":"","protected":false},"author":1,"featured_media":0,"parent":646,"menu_order":0,"comment_status":"closed","ping_status":"closed","template":"100-width.php","meta":{"footnotes":""},"class_list":["post-668","page","type-page","status-publish","hentry"],"yoast_head":"<!-- This site is optimized with the Yoast SEO plugin v27.5 - https:\/\/yoast.com\/product\/yoast-seo-wordpress\/ -->\n<title>Worldwide Excess Baggage Service - Intrapass<\/title>\n<meta name=\"description\" content=\"Enjoy our competitive rates on excess baggage, sports equipment, and bulky items. We deliver your luggage as cargo to virtually any part of the world.\" \/>\n<meta name=\"robots\" content=\"index, follow, max-snippet:-1, max-image-preview:large, max-video-preview:-1\" \/>\n<link rel=\"canonical\" href=\"https:\/\/www.intrapass.ch\/en\/services\/worldwide-excess-baggage-service\/\" \/>\n<meta property=\"og:locale\" content=\"en_US\" \/>\n<meta property=\"og:type\" content=\"article\" \/>\n<meta property=\"og:title\" content=\"Worldwide Excess Baggage Service - Intrapass\" \/>\n<meta property=\"og:description\" content=\"Enjoy our competitive rates on excess baggage, sports equipment, and bulky items. We deliver your luggage as cargo to virtually any part of the world.\" \/>\n<meta property=\"og:url\" content=\"https:\/\/www.intrapass.ch\/en\/services\/worldwide-excess-baggage-service\/\" \/>\n<meta property=\"og:site_name\" content=\"Intrapass\" \/>\n<meta property=\"article:modified_time\" content=\"2023-04-21T15:43:08+00:00\" \/>\n<meta name=\"twitter:card\" content=\"summary_large_image\" \/>\n<meta name=\"twitter:label1\" content=\"Est. reading time\" \/>\n\t<meta name=\"twitter:data1\" content=\"7 minutes\" \/>\n<script type=\"application\/ld+json\" class=\"yoast-schema-graph\">{\"@context\":\"https:\\\/\\\/schema.org\",\"@graph\":[{\"@type\":\"WebPage\",\"@id\":\"https:\\\/\\\/www.intrapass.ch\\\/en\\\/services\\\/worldwide-excess-baggage-service\\\/\",\"url\":\"https:\\\/\\\/www.intrapass.ch\\\/en\\\/services\\\/worldwide-excess-baggage-service\\\/\",\"name\":\"Worldwide Excess Baggage Service - Intrapass\",\"isPartOf\":{\"@id\":\"https:\\\/\\\/www.intrapass.ch\\\/en\\\/#website\"},\"datePublished\":\"2020-05-08T05:50:46+00:00\",\"dateModified\":\"2023-04-21T15:43:08+00:00\",\"description\":\"Enjoy our competitive rates on excess baggage, sports equipment, and bulky items. We deliver your luggage as cargo to virtually any part of the world.\",\"breadcrumb\":{\"@id\":\"https:\\\/\\\/www.intrapass.ch\\\/en\\\/services\\\/worldwide-excess-baggage-service\\\/#breadcrumb\"},\"inLanguage\":\"en-US\",\"potentialAction\":[{\"@type\":\"ReadAction\",\"target\":[\"https:\\\/\\\/www.intrapass.ch\\\/en\\\/services\\\/worldwide-excess-baggage-service\\\/\"]}]},{\"@type\":\"BreadcrumbList\",\"@id\":\"https:\\\/\\\/www.intrapass.ch\\\/en\\\/services\\\/worldwide-excess-baggage-service\\\/#breadcrumb\",\"itemListElement\":[{\"@type\":\"ListItem\",\"position\":1,\"name\":\"Startseite\",\"item\":\"https:\\\/\\\/www.intrapass.ch\\\/en\\\/\"},{\"@type\":\"ListItem\",\"position\":2,\"name\":\"SERVICES\",\"item\":\"https:\\\/\\\/www.intrapass.ch\\\/en\\\/services\\\/\"},{\"@type\":\"ListItem\",\"position\":3,\"name\":\"Worldwide Excess Baggage Service\"}]},{\"@type\":\"WebSite\",\"@id\":\"https:\\\/\\\/www.intrapass.ch\\\/en\\\/#website\",\"url\":\"https:\\\/\\\/www.intrapass.ch\\\/en\\\/\",\"name\":\"Intrapass\",\"description\":\"\",\"potentialAction\":[{\"@type\":\"SearchAction\",\"target\":{\"@type\":\"EntryPoint\",\"urlTemplate\":\"https:\\\/\\\/www.intrapass.ch\\\/en\\\/?s={search_term_string}\"},\"query-input\":{\"@type\":\"PropertyValueSpecification\",\"valueRequired\":true,\"valueName\":\"search_term_string\"}}],\"inLanguage\":\"en-US\"}]}<\/script>\n<!-- \/ Yoast SEO plugin. -->","yoast_head_json":{"title":"Worldwide Excess Baggage Service - Intrapass","description":"Enjoy our competitive rates on excess baggage, sports equipment, and bulky items. We deliver your luggage as cargo to virtually any part of the world.","robots":{"index":"index","follow":"follow","max-snippet":"max-snippet:-1","max-image-preview":"max-image-preview:large","max-video-preview":"max-video-preview:-1"},"canonical":"https:\/\/www.intrapass.ch\/en\/services\/worldwide-excess-baggage-service\/","og_locale":"en_US","og_type":"article","og_title":"Worldwide Excess Baggage Service - Intrapass","og_description":"Enjoy our competitive rates on excess baggage, sports equipment, and bulky items. We deliver your luggage as cargo to virtually any part of the world.","og_url":"https:\/\/www.intrapass.ch\/en\/services\/worldwide-excess-baggage-service\/","og_site_name":"Intrapass","article_modified_time":"2023-04-21T15:43:08+00:00","twitter_card":"summary_large_image","twitter_misc":{"Est. reading time":"7 minutes"},"schema":{"@context":"https:\/\/schema.org","@graph":[{"@type":"WebPage","@id":"https:\/\/www.intrapass.ch\/en\/services\/worldwide-excess-baggage-service\/","url":"https:\/\/www.intrapass.ch\/en\/services\/worldwide-excess-baggage-service\/","name":"Worldwide Excess Baggage Service - Intrapass","isPartOf":{"@id":"https:\/\/www.intrapass.ch\/en\/#website"},"datePublished":"2020-05-08T05:50:46+00:00","dateModified":"2023-04-21T15:43:08+00:00","description":"Enjoy our competitive rates on excess baggage, sports equipment, and bulky items. We deliver your luggage as cargo to virtually any part of the world.","breadcrumb":{"@id":"https:\/\/www.intrapass.ch\/en\/services\/worldwide-excess-baggage-service\/#breadcrumb"},"inLanguage":"en-US","potentialAction":[{"@type":"ReadAction","target":["https:\/\/www.intrapass.ch\/en\/services\/worldwide-excess-baggage-service\/"]}]},{"@type":"BreadcrumbList","@id":"https:\/\/www.intrapass.ch\/en\/services\/worldwide-excess-baggage-service\/#breadcrumb","itemListElement":[{"@type":"ListItem","position":1,"name":"Startseite","item":"https:\/\/www.intrapass.ch\/en\/"},{"@type":"ListItem","position":2,"name":"SERVICES","item":"https:\/\/www.intrapass.ch\/en\/services\/"},{"@type":"ListItem","position":3,"name":"Worldwide Excess Baggage Service"}]},{"@type":"WebSite","@id":"https:\/\/www.intrapass.ch\/en\/#website","url":"https:\/\/www.intrapass.ch\/en\/","name":"Intrapass","description":"","potentialAction":[{"@type":"SearchAction","target":{"@type":"EntryPoint","urlTemplate":"https:\/\/www.intrapass.ch\/en\/?s={search_term_string}"},"query-input":{"@type":"PropertyValueSpecification","valueRequired":true,"valueName":"search_term_string"}}],"inLanguage":"en-US"}]}},"_links":{"self":[{"href":"https:\/\/www.intrapass.ch\/en\/wp-json\/wp\/v2\/pages\/668","targetHints":{"allow":["GET"]}}],"collection":[{"href":"https:\/\/www.intrapass.ch\/en\/wp-json\/wp\/v2\/pages"}],"about":[{"href":"https:\/\/www.intrapass.ch\/en\/wp-json\/wp\/v2\/types\/page"}],"author":[{"embeddable":true,"href":"https:\/\/www.intrapass.ch\/en\/wp-json\/wp\/v2\/users\/1"}],"replies":[{"embeddable":true,"href":"https:\/\/www.intrapass.ch\/en\/wp-json\/wp\/v2\/comments?post=668"}],"version-history":[{"count":0,"href":"https:\/\/www.intrapass.ch\/en\/wp-json\/wp\/v2\/pages\/668\/revisions"}],"up":[{"embeddable":true,"href":"https:\/\/www.intrapass.ch\/en\/wp-json\/wp\/v2\/pages\/646"}],"wp:attachment":[{"href":"https:\/\/www.intrapass.ch\/en\/wp-json\/wp\/v2\/media?parent=668"}],"curies":[{"name":"wp","href":"https:\/\/api.w.org\/{rel}","templated":true}]}}